{"id":89,"date":"2009-02-12T15:25:37","date_gmt":"2009-02-12T15:25:37","guid":{"rendered":"https:\/\/test.eberhard-seminare.ch\/?page_id=89"},"modified":"2019-06-16T21:16:26","modified_gmt":"2019-06-16T19:16:26","slug":"triogram","status":"publish","type":"page","link":"https:\/\/eberhard-seminare.ch\/?page_id=89","title":{"rendered":"STS2 &#8211; Triogram\u00ae Seminar \u00b7 Schl\u00fcssel zur Menschenkenntnis"},"content":{"rendered":"<div id=\"pl-89\" class=\"panel-layout\">\n<div id=\"pg-89-0\" class=\"panel-grid panel-no-style\">\n<div id=\"pgc-89-0-0\" class=\"panel-grid-cell\" data-weight=\"1\">\n<div id=\"panel-89-0-0-0\" class=\"so-panel widget widget_sow-editor panel-first-child\" data-index=\"0\" data-style=\"{&quot;background_image_attachment&quot;:false,&quot;background_display&quot;:&quot;tile&quot;}\">\n<div class=\"so-widget-sow-editor so-widget-sow-editor-base\">\n<div class=\"siteorigin-widget-tinymce textwidget\">\n<p><span class=\"h3\">STS2 &#8211; Triogram\u00ae Seminar \u00b7 Schl\u00fcssel zur Menschenkenntnis<\/span><br \/>Bed\u00fcrfnisse erkennen mit Verst\u00e4ndnis und Leichtigkeit. Das Triogram\u00ae gibt den Teilnehmenden die M\u00f6glichkeit, die Strukturen anderer Menschen zu erkennen. Dadurch k\u00f6nnen sie das vermutete Verhalten und die Bed\u00fcrfnisse anderer besser vorhersehen und verstehen. Sie k\u00f6nnen sich darauf einstellen, auf sie eingehen und wirkungsvoller kommunizieren. Damit schaffen sie grosses Vertrauen. Vertrauen ist die Basis des Erfolgs.<\/p>\n<p>Folgeseminare: <a href=\"https:\/\/eberhard-seminare.ch\/?page_id=91\">STS3<\/a><\/p>\n<p>Teilnehmerzahl: max. 16 Personen<\/p>\n<p>Seminardauer: 2 Tage\u00a0(0830-1700)<\/p>\n<p><a href=\"https:\/\/eberhard-seminare.ch\/wp-content\/uploads\/2009\/02\/Programme_sts2-web.pdf\" target=\"_blank\" rel=\"noopener noreferrer\"> STS2 Seminar Programm\u00a0&#8211; neutrales Programm<\/a><a href=\"https:\/\/eberhard-seminare.ch\/wp-content\/uploads\/2009\/02\/Programme_sts2-web.pdf\" target=\"_blank\" rel=\"noopener noreferrer\"><img decoding=\"async\" loading=\"lazy\" class=\"jce_icon alignleft wp-image-65 size-full\" style=\"border: 0px; vertical-align: middle;\" title=\"pdf\" src=\"https:\/\/eberhard-seminare.ch\/wp-content\/uploads\/2008\/11\/images_M_images_pdf_small.gif\" alt=\"pdf small\" width=\"16\" height=\"16\" \/><\/a><\/p>\n<hr \/>\n<p style=\"line-height: 17.549999237060547px;\">Dieses Seminar wird\u00a0\u00f6ffentlich angeboten. Speziell f\u00fcr kleine Teams oder einzelne Mitarbeitende.<\/p>\n<p>Teilnehmerzahl: max. 16 Personen<\/p>\n<p style=\"line-height: 17.549999237060547px;\">Seminardauer: 1 Tag \u00a0(0830-1700)<\/p>\n<p style=\"line-height: 17.549999237060547px;\"><a href=\"http:\/\/images\/stories\/Programme\/STS2%20OE%20290515%20Zug.pages-print.pdf\" target=\"_blank\" rel=\"noopener noreferrer\"><img decoding=\"async\" loading=\"lazy\" class=\"wp-image-65 size-full alignleft\" style=\"vertical-align: middle;\" title=\"pdf\" src=\"https:\/\/eberhard-seminare.ch\/wp-content\/uploads\/2008\/11\/images_M_images_pdf_small.gif\" alt=\"pdf small\" width=\"16\" height=\"16\" \/> STS2 Seminar Programm und Einladung &#8211; \u00f6ffentliches Seminar &#8211; Programm<\/a><\/p>\n<p><b>Zur Zeit findet kein \u00f6ffentliches Seminar statt<\/b>.<\/p>\n<p><a href=\"https:\/\/eberhard-seminare.ch\/?page_id=20\">Jetzt Anmelden!<\/a><\/p>\n<\/div>\n<\/div>\n<\/div>\n<\/div>\n<\/div>\n<\/div>\n\n<div id=\"pl-gb89-6a0090a6b48d2\"  class=\"panel-layout\" ><div id=\"pg-gb89-6a0090a6b48d2-0\"  class=\"panel-grid panel-no-style\" ><div id=\"pgc-gb89-6a0090a6b48d2-0-0\"  class=\"panel-grid-cell\" ><div id=\"panel-gb89-6a0090a6b48d2-0-0-0\" class=\"so-panel widget widget_sow-button panel-first-child panel-last-child\" data-index=\"0\" ><div\n\t\t\t\n\t\t\tclass=\"so-widget-sow-button so-widget-sow-button-flat-f54c0409268f-89\"\n\t\t\t\n\t\t><div class=\"ow-button-base ow-button-align-center\"\n>\n\t\t\t<a\n\t\t\t\t\thref=\"https:\/\/eberhard-seminare.ch\/?page_id=223\"\n\t\t\t\t\tclass=\"sowb-button ow-icon-placement-left ow-button-hover\" \t>\n\t\t<span>\n\t\t\t\n\t\t\tZur\u00fcck\t\t<\/span>\n\t\t\t<\/a>\n\t<\/div>\n<\/div><\/div><\/div><\/div><\/div>","protected":false},"excerpt":{"rendered":"<p>STS2 &#8211; Triogram\u00ae Seminar \u00b7 Schl\u00fcssel zur MenschenkenntnisBed\u00fcrfnisse erkennen mit Verst\u00e4ndnis und Leichtigkeit. Das Triogram\u00ae gibt den Teilnehmenden die M\u00f6glichkeit, die Strukturen anderer Menschen zu erkennen. Dadurch k\u00f6nnen sie das vermutete Verhalten und die Bed\u00fcrfnisse anderer besser vorhersehen und verstehen. Sie k\u00f6nnen sich darauf einstellen, auf sie eingehen und wirkungsvoller kommunizieren. Damit schaffen sie grosses Vertrauen. Vertrauen ist\u2026 <span class=\"read-more\"><a href=\"https:\/\/eberhard-seminare.ch\/?page_id=89\">Read More &raquo;<\/a><\/span><\/p>\n","protected":false},"author":3,"featured_media":0,"parent":223,"menu_order":15,"comment_status":"closed","ping_status":"closed","template":"","meta":{"_exactmetrics_skip_tracking":false,"_exactmetrics_sitenote_active":false,"_exactmetrics_sitenote_note":"","_exactmetrics_sitenote_category":0,"footnotes":""},"_links":{"self":[{"href":"https:\/\/eberhard-seminare.ch\/index.php?rest_route=\/wp\/v2\/pages\/89"}],"collection":[{"href":"https:\/\/eberhard-seminare.ch\/index.php?rest_route=\/wp\/v2\/pages"}],"about":[{"href":"https:\/\/eberhard-seminare.ch\/index.php?rest_route=\/wp\/v2\/types\/page"}],"author":[{"embeddable":true,"href":"https:\/\/eberhard-seminare.ch\/index.php?rest_route=\/wp\/v2\/users\/3"}],"replies":[{"embeddable":true,"href":"https:\/\/eberhard-seminare.ch\/index.php?rest_route=%2Fwp%2Fv2%2Fcomments&post=89"}],"version-history":[{"count":11,"href":"https:\/\/eberhard-seminare.ch\/index.php?rest_route=\/wp\/v2\/pages\/89\/revisions"}],"predecessor-version":[{"id":1496,"href":"https:\/\/eberhard-seminare.ch\/index.php?rest_route=\/wp\/v2\/pages\/89\/revisions\/1496"}],"up":[{"embeddable":true,"href":"https:\/\/eberhard-seminare.ch\/index.php?rest_route=\/wp\/v2\/pages\/223"}],"wp:attachment":[{"href":"https:\/\/eberhard-seminare.ch\/index.php?rest_route=%2Fwp%2Fv2%2Fmedia&parent=89"}],"curies":[{"name":"wp","href":"https:\/\/api.w.org\/{rel}","templated":true}]}}