{"id":87,"date":"2009-02-12T15:25:37","date_gmt":"2009-02-12T15:25:37","guid":{"rendered":"https:\/\/test.eberhard-seminare.ch\/?page_id=87"},"modified":"2019-06-16T17:59:40","modified_gmt":"2019-06-16T15:59:40","slug":"structogram","status":"publish","type":"page","link":"https:\/\/eberhard-seminare.ch\/?page_id=87","title":{"rendered":"STS1 &#8211; Structogram\u00ae Seminar \u00b7 Schl\u00fcssel zur Selbsterkenntnis"},"content":{"rendered":"<p>Erfolge ausbauen mit Erkenntnis und Know-How. Durch bew\u00e4hrte Structogram<sup>\u00ae<\/sup> Techniken wird es in der Praxis ganz einfach festzustellen, wo Potenziale und Chancen des pers\u00f6nlichen Charakters sind. Durch diese Erkenntnisse k\u00f6nnen die Teilnehmer St\u00e4rken ausbauen, sich weiterentwickeln, ihre Grenzen wahrnehmen, sich und andere besser verstehen. Sie werden dadurch ihr pers\u00f6nliches Potenzial optimal aussch\u00f6pfen.<\/p>\n<p>Folgeseminare: <a href=\"https:\/\/eberhard-seminare.ch\/?page_id=89\">STS2<\/a>, <a href=\"https:\/\/eberhard-seminare.ch\/?page_id=91\">STS3<\/a><\/p>\n<p>Teilnehmerzahl: max. 16 Personen<\/p>\n<p>Seminardauer: 1 Tag \u00a0(0830-1700)<\/p>\n<p><a title=\"Generelles Structogram Seminarprogramm\" href=\"https:\/\/eberhard-seminare.ch\/wp-content\/uploads\/2009\/02\/Programme_STS1.pdf\" target=\"_blank\" rel=\"noopener noreferrer\"> STS1 Seminar Programm &#8211; neutrales Progrramm<\/a><a href=\"https:\/\/eberhard-seminare.ch\/wp-content\/uploads\/2009\/02\/Programme_STS1.pdf\" target=\"_blank\" rel=\"noopener noreferrer\"><img decoding=\"async\" loading=\"lazy\" class=\"jce_icon alignleft wp-image-65 size-full\" style=\"border: 0px; vertical-align: middle;\" title=\"pdf\" src=\"https:\/\/eberhard-seminare.ch\/wp-content\/uploads\/2008\/11\/images_M_images_pdf_small.gif\" alt=\"pdf small\" width=\"16\" height=\"16\" \/><\/a><\/p>\n\n<div id=\"pl-gb87-6a0720c976297\"  class=\"panel-layout\" ><div id=\"pg-gb87-6a0720c976297-0\"  class=\"panel-grid panel-no-style\" ><div id=\"pgc-gb87-6a0720c976297-0-0\"  class=\"panel-grid-cell\" ><div id=\"panel-gb87-6a0720c976297-0-0-0\" class=\"so-panel widget widget_sow-button panel-first-child panel-last-child\" data-index=\"0\" ><div\n\t\t\t\n\t\t\tclass=\"so-widget-sow-button so-widget-sow-button-flat-f54c0409268f-87\"\n\t\t\t\n\t\t><div class=\"ow-button-base ow-button-align-center\"\n>\n\t\t\t<a\n\t\t\t\t\thref=\"https:\/\/eberhard-seminare.ch\/?page_id=223\"\n\t\t\t\t\tclass=\"sowb-button ow-icon-placement-left ow-button-hover\" \t>\n\t\t<span>\n\t\t\t\n\t\t\tZur\u00fcck\t\t<\/span>\n\t\t\t<\/a>\n\t<\/div>\n<\/div><\/div><\/div><\/div><\/div>","protected":false},"excerpt":{"rendered":"<p>Erfolge ausbauen mit Erkenntnis und Know-How. Durch bew\u00e4hrte Structogram\u00ae Techniken wird es in der Praxis ganz einfach festzustellen, wo Potenziale und Chancen des pers\u00f6nlichen Charakters sind. Durch diese Erkenntnisse k\u00f6nnen die Teilnehmer St\u00e4rken ausbauen, sich weiterentwickeln, ihre Grenzen wahrnehmen, sich und andere besser verstehen. Sie werden dadurch ihr pers\u00f6nliches Potenzial optimal aussch\u00f6pfen. Folgeseminare: STS2, STS3 Teilnehmerzahl: max. 16\u2026 <span class=\"read-more\"><a href=\"https:\/\/eberhard-seminare.ch\/?page_id=87\">Read More &raquo;<\/a><\/span><\/p>\n","protected":false},"author":3,"featured_media":0,"parent":223,"menu_order":14,"comment_status":"closed","ping_status":"closed","template":"","meta":{"_exactmetrics_skip_tracking":false,"_exactmetrics_sitenote_active":false,"_exactmetrics_sitenote_note":"","_exactmetrics_sitenote_category":0,"footnotes":""},"_links":{"self":[{"href":"https:\/\/eberhard-seminare.ch\/index.php?rest_route=\/wp\/v2\/pages\/87"}],"collection":[{"href":"https:\/\/eberhard-seminare.ch\/index.php?rest_route=\/wp\/v2\/pages"}],"about":[{"href":"https:\/\/eberhard-seminare.ch\/index.php?rest_route=\/wp\/v2\/types\/page"}],"author":[{"embeddable":true,"href":"https:\/\/eberhard-seminare.ch\/index.php?rest_route=\/wp\/v2\/users\/3"}],"replies":[{"embeddable":true,"href":"https:\/\/eberhard-seminare.ch\/index.php?rest_route=%2Fwp%2Fv2%2Fcomments&post=87"}],"version-history":[{"count":15,"href":"https:\/\/eberhard-seminare.ch\/index.php?rest_route=\/wp\/v2\/pages\/87\/revisions"}],"predecessor-version":[{"id":1620,"href":"https:\/\/eberhard-seminare.ch\/index.php?rest_route=\/wp\/v2\/pages\/87\/revisions\/1620"}],"up":[{"embeddable":true,"href":"https:\/\/eberhard-seminare.ch\/index.php?rest_route=\/wp\/v2\/pages\/223"}],"wp:attachment":[{"href":"https:\/\/eberhard-seminare.ch\/index.php?rest_route=%2Fwp%2Fv2%2Fmedia&parent=87"}],"curies":[{"name":"wp","href":"https:\/\/api.w.org\/{rel}","templated":true}]}}