{"id":62,"date":"2008-11-26T08:59:41","date_gmt":"2008-11-26T08:59:41","guid":{"rendered":"https:\/\/test.eberhard-seminare.ch\/?page_id=62"},"modified":"2019-06-16T16:45:59","modified_gmt":"2019-06-16T14:45:59","slug":"kam","status":"publish","type":"page","link":"https:\/\/eberhard-seminare.ch\/?page_id=62","title":{"rendered":"KAM &#8211; F\u00fcr h\u00f6chste Verantwortung beim Verkauf"},"content":{"rendered":"<div id=\"pl-62\" class=\"panel-layout\">\n<div id=\"pg-62-0\" class=\"panel-grid panel-no-style\">\n<div id=\"pgc-62-0-0\" class=\"panel-grid-cell\" data-weight=\"1\">\n<div id=\"panel-62-0-0-0\" class=\"so-panel widget widget_sow-editor panel-first-child\" data-index=\"0\" data-style=\"{&quot;background_image_attachment&quot;:false,&quot;background_display&quot;:&quot;tile&quot;}\">\n<div class=\"so-widget-sow-editor so-widget-sow-editor-base\">\n<div class=\"siteorigin-widget-tinymce textwidget\">\n<p>Hohe Verantwortung tragen mit Wissen und Vergn\u00fcgen. Das KAM Seminar ist speziell konzipiert f\u00fcr professionelle Verkaufspersonen mit H\u00f6chstverantwortung im Beratungs-, Investitons- oder Konsumg\u00fcterbereich. Im Seminar setzen sich die Teilnehmenden mit der anspruchsvollsten Kunst des Verkaufs sowie der langj\u00e4hrigen Kundenbetreuung und Kundenpflege auseinander. Alle wichtigen Themen, unter anderem auch strategischer Verkauf werden behandelt und erarbeitet.<\/p>\n<p>Teilnehmerzahl: max. 12 Personen<\/p>\n<p>Seminardauer: 3 Tage (0830-1700)<\/p>\n<p><a href=\"https:\/\/eberhard-seminare.ch\/wp-content\/uploads\/2008\/11\/Programme_kam-web.pdf\" target=\"_blank\" rel=\"noopener noreferrer\"><img decoding=\"async\" loading=\"lazy\" class=\"jce_icon wp-image-53 size-full alignleft\" style=\"border: 0px; vertical-align: middle;\" title=\"pdf\" src=\"https:\/\/eberhard-seminare.ch\/wp-content\/uploads\/2008\/10\/plugins_editors_jce_tiny_mce_plugins_filemanager_img_ext_pdf_small.gif\" alt=\"\" width=\"16\" height=\"16\" \/> KAM Seminar Programm<\/a><\/p>\n<\/div>\n<\/div>\n<\/div>\n<div id=\"panel-62-0-0-1\" class=\"so-panel widget widget_sow-button panel-last-child\" data-index=\"1\" data-style=\"{&quot;background_image_attachment&quot;:false,&quot;background_display&quot;:&quot;tile&quot;}\">\u00a0<\/div>\n<\/div>\n<\/div>\n<\/div>\n\n<div id=\"pl-gb62-69d5e779ebb7c\"  class=\"panel-layout\" ><div id=\"pg-gb62-69d5e779ebb7c-0\"  class=\"panel-grid panel-no-style\" ><div id=\"pgc-gb62-69d5e779ebb7c-0-0\"  class=\"panel-grid-cell\" ><div id=\"panel-gb62-69d5e779ebb7c-0-0-0\" class=\"so-panel widget widget_sow-button panel-first-child panel-last-child\" data-index=\"0\" ><div\n\t\t\t\n\t\t\tclass=\"so-widget-sow-button so-widget-sow-button-flat-f54c0409268f-62\"\n\t\t\t\n\t\t><div class=\"ow-button-base ow-button-align-center\"\n>\n\t\t\t<a\n\t\t\t\t\thref=\"https:\/\/eberhard-seminare.ch\/?page_id=48\"\n\t\t\t\t\tclass=\"sowb-button ow-icon-placement-left ow-button-hover\" \t>\n\t\t<span>\n\t\t\t\n\t\t\tZur\u00fcck\t\t<\/span>\n\t\t\t<\/a>\n\t<\/div>\n<\/div><\/div><\/div><\/div><\/div>","protected":false},"excerpt":{"rendered":"<p>Hohe Verantwortung tragen mit Wissen und Vergn\u00fcgen. Das KAM Seminar ist speziell konzipiert f\u00fcr professionelle Verkaufspersonen mit H\u00f6chstverantwortung im Beratungs-, Investitons- oder Konsumg\u00fcterbereich. Im Seminar setzen sich die Teilnehmenden mit der anspruchsvollsten Kunst des Verkaufs sowie der langj\u00e4hrigen Kundenbetreuung und Kundenpflege auseinander. Alle wichtigen Themen, unter anderem auch strategischer Verkauf werden behandelt und erarbeitet. Teilnehmerzahl: max. 12 Personen\u2026 <span class=\"read-more\"><a href=\"https:\/\/eberhard-seminare.ch\/?page_id=62\">Read More &raquo;<\/a><\/span><\/p>\n","protected":false},"author":3,"featured_media":0,"parent":48,"menu_order":3,"comment_status":"closed","ping_status":"closed","template":"","meta":{"_exactmetrics_skip_tracking":false,"_exactmetrics_sitenote_active":false,"_exactmetrics_sitenote_note":"","_exactmetrics_sitenote_category":0,"footnotes":""},"_links":{"self":[{"href":"https:\/\/eberhard-seminare.ch\/index.php?rest_route=\/wp\/v2\/pages\/62"}],"collection":[{"href":"https:\/\/eberhard-seminare.ch\/index.php?rest_route=\/wp\/v2\/pages"}],"about":[{"href":"https:\/\/eberhard-seminare.ch\/index.php?rest_route=\/wp\/v2\/types\/page"}],"author":[{"embeddable":true,"href":"https:\/\/eberhard-seminare.ch\/index.php?rest_route=\/wp\/v2\/users\/3"}],"replies":[{"embeddable":true,"href":"https:\/\/eberhard-seminare.ch\/index.php?rest_route=%2Fwp%2Fv2%2Fcomments&post=62"}],"version-history":[{"count":12,"href":"https:\/\/eberhard-seminare.ch\/index.php?rest_route=\/wp\/v2\/pages\/62\/revisions"}],"predecessor-version":[{"id":1465,"href":"https:\/\/eberhard-seminare.ch\/index.php?rest_route=\/wp\/v2\/pages\/62\/revisions\/1465"}],"up":[{"embeddable":true,"href":"https:\/\/eberhard-seminare.ch\/index.php?rest_route=\/wp\/v2\/pages\/48"}],"wp:attachment":[{"href":"https:\/\/eberhard-seminare.ch\/index.php?rest_route=%2Fwp%2Fv2%2Fmedia&parent=62"}],"curies":[{"name":"wp","href":"https:\/\/api.w.org\/{rel}","templated":true}]}}