{"id":60,"date":"2008-11-26T08:56:46","date_gmt":"2008-11-26T08:56:46","guid":{"rendered":"https:\/\/test.eberhard-seminare.ch\/?page_id=60"},"modified":"2019-06-16T15:47:25","modified_gmt":"2019-06-16T13:47:25","slug":"lss","status":"publish","type":"page","link":"https:\/\/eberhard-seminare.ch\/?page_id=60","title":{"rendered":"Logical Selling System Kommunikation und Verkauf | Kommunikation und Verkauf &#8211; Erfolgreich verkaufen im heutigen Marktumfeld"},"content":{"rendered":"<div id=\"pl-60\" class=\"panel-layout\">\n<div id=\"pg-60-0\" class=\"panel-grid panel-no-style\">\n<div id=\"pgc-60-0-0\" class=\"panel-grid-cell\" data-weight=\"1\">\n<div id=\"panel-60-0-0-0\" class=\"so-panel widget widget_sow-editor panel-first-child\" data-index=\"0\" data-style=\"{&quot;background_image_attachment&quot;:false,&quot;background_display&quot;:&quot;tile&quot;}\">\n<div class=\"so-widget-sow-editor so-widget-sow-editor-base\">\n<div class=\"siteorigin-widget-tinymce textwidget\">\n<h3 style=\"text-align: left;\">LSS1 Kommunikation und Verkauf | Erfolgreich verkaufen im heutigen Marktumfeld<\/h3>\n<p style=\"text-align: left;\">Das Logical Selling System 1 (LSS1) ist die Grundschulung f\u00fcr Verkauf im Berufsalltag und am Telefon. Das praxisorientierte Seminar mit ganz klarem, logischem Aufbau. Das Seminar zeigt auf, wie ein Verkaufsgespr\u00e4ch erfolgreich gestaltet wird, damit die Verkaufsperson jederzeit den totalen \u00dcberblick \u00fcber das ganze Gespr\u00e4ch hat.<\/p>\n<p>Das Seminar ist gespickt mit professionellen Vorgehensweisen, die die Teilnehmenden motivieren und zur Freude am Verkauf animieren. S\u00e4mtliche Methoden sind in der Arbeitswelt sofort anwendbar, verleihen Selbstbewusstsein sowie Sicherheit, besonders in anspruchsvollen Situationen.<br \/>Teilnehmerzahl: max. 16 Personen<br \/>Seminardauer: 2 Tage\u00a0(0830-1700)<br \/><a href=\"https:\/\/eberhard-seminare.ch\/wp-content\/uploads\/2008\/11\/Programme_lss1-web.pdf\" target=\"_blank\" rel=\"noopener noreferrer\"><img decoding=\"async\" loading=\"lazy\" class=\"jce_icon  alignnone wp-image-53 size-full\" style=\"border: 0px; vertical-align: middle;\" title=\"pdf\" src=\"https:\/\/eberhard-seminare.ch\/wp-content\/uploads\/2008\/10\/plugins_editors_jce_tiny_mce_plugins_filemanager_img_ext_pdf_small.gif\" alt=\"\" width=\"16\" height=\"16\" \/> LSS1 Seminar Programm<\/a><\/p>\n<p><a href=\"https:\/\/eberhard-seminare.ch\/?page_id=20\">Dieses Seminar wird auch \u00f6ffentlich angeboten (Link)<\/a><\/p>\n<hr \/>\n<h3 style=\"text-align: left;\">LSS2 &#8211; Kenntnisse vertiefen mit Praxistraining und Resultaten<\/h3>\n<p>Das Logical Selling System 2 (LSS 2) baut auf, vertieft und entwickelt die Themen des LSS 1. Das Seminar richtet einen starken Fokus auf Praxis\u00fcbungen. Damit erreichen die Teilnehmenden grosse Sicherheit im Verkaufsalltag. Durch das Vertiefen der Themen werden noch wirkungsvollere Kundengespr\u00e4che mit messbaren Resultaten erreicht.<\/p>\n<p>Teilnehmerzahl: max. 16 Personen<br \/>Seminardauer: 2 Tage\u00a0(0830-1700)<br \/><a class=\"jce_file\" title=\"LSS2 Seminar Programm\" href=\"https:\/\/eberhard-seminare.ch\/wp-content\/uploads\/2008\/11\/Programme_lss2-web.pdf\" target=\"_blank\" rel=\"noopener noreferrer\"><img decoding=\"async\" loading=\"lazy\" class=\"jce_icon alignnone wp-image-65 size-full\" style=\"border: 0px; vertical-align: middle;\" title=\"pdf\" src=\"https:\/\/eberhard-seminare.ch\/wp-content\/uploads\/2008\/11\/images_M_images_pdf_small.gif\" alt=\"pdf small\" width=\"16\" height=\"16\" \/> LSS2 Seminar Programm<\/a><\/p>\n<p>\u00a0<\/p>\n<\/div>\n<\/div>\n<\/div>\n<\/div>\n<\/div>\n<\/div>\n\n<div id=\"pl-gb60-69d35f1f777b3\"  class=\"panel-layout\" ><div id=\"pg-gb60-69d35f1f777b3-0\"  class=\"panel-grid panel-no-style\" ><div id=\"pgc-gb60-69d35f1f777b3-0-0\"  class=\"panel-grid-cell\" ><div id=\"panel-gb60-69d35f1f777b3-0-0-0\" class=\"so-panel widget widget_sow-button panel-first-child panel-last-child\" data-index=\"0\" ><div\n\t\t\t\n\t\t\tclass=\"so-widget-sow-button so-widget-sow-button-flat-f54c0409268f-60\"\n\t\t\t\n\t\t><div class=\"ow-button-base ow-button-align-center\"\n>\n\t\t\t<a\n\t\t\t\t\thref=\"https:\/\/eberhard-seminare.ch\/?page_id=48\"\n\t\t\t\t\tclass=\"sowb-button ow-icon-placement-left ow-button-hover\" \t>\n\t\t<span>\n\t\t\t\n\t\t\tZur\u00fcck\t\t<\/span>\n\t\t\t<\/a>\n\t<\/div>\n<\/div><\/div><\/div><\/div><\/div>","protected":false},"excerpt":{"rendered":"<p>LSS1 Kommunikation und Verkauf | Erfolgreich verkaufen im heutigen Marktumfeld Das Logical Selling System 1 (LSS1) ist die Grundschulung f\u00fcr Verkauf im Berufsalltag und am Telefon. Das praxisorientierte Seminar mit ganz klarem, logischem Aufbau. Das Seminar zeigt auf, wie ein Verkaufsgespr\u00e4ch erfolgreich gestaltet wird, damit die Verkaufsperson jederzeit den totalen \u00dcberblick \u00fcber das ganze Gespr\u00e4ch hat. Das Seminar\u2026 <span class=\"read-more\"><a href=\"https:\/\/eberhard-seminare.ch\/?page_id=60\">Read More &raquo;<\/a><\/span><\/p>\n","protected":false},"author":3,"featured_media":0,"parent":48,"menu_order":1,"comment_status":"closed","ping_status":"closed","template":"","meta":{"_exactmetrics_skip_tracking":false,"_exactmetrics_sitenote_active":false,"_exactmetrics_sitenote_note":"","_exactmetrics_sitenote_category":0,"footnotes":""},"_links":{"self":[{"href":"https:\/\/eberhard-seminare.ch\/index.php?rest_route=\/wp\/v2\/pages\/60"}],"collection":[{"href":"https:\/\/eberhard-seminare.ch\/index.php?rest_route=\/wp\/v2\/pages"}],"about":[{"href":"https:\/\/eberhard-seminare.ch\/index.php?rest_route=\/wp\/v2\/types\/page"}],"author":[{"embeddable":true,"href":"https:\/\/eberhard-seminare.ch\/index.php?rest_route=\/wp\/v2\/users\/3"}],"replies":[{"embeddable":true,"href":"https:\/\/eberhard-seminare.ch\/index.php?rest_route=%2Fwp%2Fv2%2Fcomments&post=60"}],"version-history":[{"count":15,"href":"https:\/\/eberhard-seminare.ch\/index.php?rest_route=\/wp\/v2\/pages\/60\/revisions"}],"predecessor-version":[{"id":1454,"href":"https:\/\/eberhard-seminare.ch\/index.php?rest_route=\/wp\/v2\/pages\/60\/revisions\/1454"}],"up":[{"embeddable":true,"href":"https:\/\/eberhard-seminare.ch\/index.php?rest_route=\/wp\/v2\/pages\/48"}],"wp:attachment":[{"href":"https:\/\/eberhard-seminare.ch\/index.php?rest_route=%2Fwp%2Fv2%2Fmedia&parent=60"}],"curies":[{"name":"wp","href":"https:\/\/api.w.org\/{rel}","templated":true}]}}