{"id":48,"date":"2008-10-28T08:50:18","date_gmt":"2008-10-28T08:50:18","guid":{"rendered":"https:\/\/test.eberhard-seminare.ch\/?page_id=48"},"modified":"2019-06-16T20:23:57","modified_gmt":"2019-06-16T18:23:57","slug":"verkaufsschulung","status":"publish","type":"page","link":"https:\/\/eberhard-seminare.ch\/?page_id=48","title":{"rendered":"Verkaufsschulung &#8211; Systematik erkennen, Resultate erzielen"},"content":{"rendered":"<div id=\"pl-48\"  class=\"panel-layout\" ><div id=\"pg-48-0\"  class=\"panel-grid panel-no-style\" ><div id=\"pgc-48-0-0\"  class=\"panel-grid-cell\" ><div id=\"panel-48-0-0-0\" class=\"so-panel widget widget_sow-editor panel-first-child\" data-index=\"0\" ><div\n\t\t\t\n\t\t\tclass=\"so-widget-sow-editor so-widget-sow-editor-base\"\n\t\t\t\n\t\t>\n<div class=\"siteorigin-widget-tinymce textwidget\">\n\t<p>Verkauf ist die Lebensader des Unternehmens. W\u00e4hlen Sie Ihren Schwerpunkt: Gr\u00fcndliche, umfassende Verkaufsschulungen f\u00fcr Mitarbeitende auf allen Stufen im Aussendienst, Innendienst, Key Account Management, Customer Service, Kundenbetreung sowie Messetraining und Standpersonal. F\u00fcr massgeschneiderte L\u00f6sungen beraten wir Sie gerne.<\/p>\n<hr \/>\n<p>\u00a0<\/p>\n<\/div>\n<\/div><\/div><div id=\"panel-48-0-0-1\" class=\"so-panel widget widget_sow-editor\" data-index=\"1\" ><div\n\t\t\t\n\t\t\tclass=\"so-widget-sow-editor so-widget-sow-editor-base\"\n\t\t\t\n\t\t>\n<div class=\"siteorigin-widget-tinymce textwidget\">\n\t<h3><a class=\"h3\" href=\"https:\/\/eberhard-seminare.ch\/?page_id=60\">LSS - Logical Selling System \u00b7 Kommunikation und Verkauf<\/a><\/h3>\n<p>Klare, von Grund auf strukturierte und praxisorientierte Schulungen, die Ihre Mitarbeitenden im Verkauf von A-Z mit sofort anwendbarem Wissen f\u00fcr den Gesch\u00e4ftsalltag ausr\u00fcstet. Der Verkauf am Telefon und im pers\u00f6nlichen Gespr\u00e4ch wird mit Hilfe des klaren roten Fadens leicht und \u00fcbersichtlich.<\/p>\n<p>&nbsp;<\/p>\n<\/div>\n<\/div><\/div><div id=\"panel-48-0-0-2\" class=\"so-panel widget widget_sow-button\" data-index=\"2\" ><div\n\t\t\t\n\t\t\tclass=\"so-widget-sow-button so-widget-sow-button-flat-cf3794441014-48\"\n\t\t\t\n\t\t><div class=\"ow-button-base ow-button-align-right\"\n>\n\t\t\t<a\n\t\t\t\t\thref=\"https:\/\/eberhard-seminare.ch\/?page_id=60\"\n\t\t\t\t\tclass=\"sowb-button ow-icon-placement-left ow-button-hover\" \t>\n\t\t<span>\n\t\t\t\n\t\t\tweiter\t\t<\/span>\n\t\t\t<\/a>\n\t<\/div>\n<\/div><\/div><div id=\"panel-48-0-0-3\" class=\"so-panel widget widget_sow-editor\" data-index=\"3\" ><div\n\t\t\t\n\t\t\tclass=\"so-widget-sow-editor so-widget-sow-editor-base\"\n\t\t\t\n\t\t>\n<div class=\"siteorigin-widget-tinymce textwidget\">\n\t<hr \/>\n<h3><a class=\"h3\" href=\"https:\/\/eberhard-seminare.ch\/?page_id=62\">KAM - Key Account Management \u00b7 Verkauf und Rhetorik<\/a><\/h3>\n<p>Manche Mitarbeitende tragen H\u00f6chstverantwortung im Verkauf. Wertvolle Vorgehensweisen, wie Key Account Management Mitarbeitende ihre anspruchsvollen Aufgaben wirkungsvoll \u00fcbernehmen und ausf\u00fchren k\u00f6nnen, werden im Seminar erarbeitet.<\/p>\n<p>&nbsp;<\/p>\n<p>&nbsp;<\/p>\n<\/div>\n<\/div><\/div><div id=\"panel-48-0-0-4\" class=\"so-panel widget widget_sow-button\" data-index=\"4\" ><div\n\t\t\t\n\t\t\tclass=\"so-widget-sow-button so-widget-sow-button-flat-cf3794441014-48\"\n\t\t\t\n\t\t><div class=\"ow-button-base ow-button-align-right\"\n>\n\t\t\t<a\n\t\t\t\t\thref=\"https:\/\/eberhard-seminare.ch\/?page_id=62\"\n\t\t\t\t\tclass=\"sowb-button ow-icon-placement-left ow-button-hover\" \t>\n\t\t<span>\n\t\t\t\n\t\t\tweiter\t\t<\/span>\n\t\t\t<\/a>\n\t<\/div>\n<\/div><\/div><div id=\"panel-48-0-0-5\" class=\"so-panel widget widget_sow-editor\" data-index=\"5\" ><div\n\t\t\t\n\t\t\tclass=\"so-widget-sow-editor so-widget-sow-editor-base\"\n\t\t\t\n\t\t>\n<div class=\"siteorigin-widget-tinymce textwidget\">\n\t<hr \/>\n<h3><a class=\"h3\" href=\"https:\/\/eberhard-seminare.ch\/?page_id=66\">MET - Messetrainings und Events \u00b7 Kunden betreuen und gewinnen<\/a><\/h3>\n<p>Ihr Auftritt muss stimmen. Vergewissern Sie sich, dass Ihre Kunden und potenziellen Neukunden vom ersten Eindruck bis zur Nachbearbeitung hoch professionell betreut werden. Ein Intensivtraining speziell f\u00fcr Personal an Messen, Ausstellungen und Events, damit Ihre Firma mit jedem Kontakt hoch qualifiziert repr\u00e4sentiert wird und Chancen optimal genutzt werden.<\/p>\n<p>&nbsp;<\/p>\n<\/div>\n<\/div><\/div><div id=\"panel-48-0-0-6\" class=\"so-panel widget widget_sow-button\" data-index=\"6\" ><div\n\t\t\t\n\t\t\tclass=\"so-widget-sow-button so-widget-sow-button-flat-cf3794441014-48\"\n\t\t\t\n\t\t><div class=\"ow-button-base ow-button-align-right\"\n>\n\t\t\t<a\n\t\t\t\t\thref=\"https:\/\/eberhard-seminare.ch\/?page_id=66\"\n\t\t\t\t\tclass=\"sowb-button ow-icon-placement-left ow-button-hover\" \t>\n\t\t<span>\n\t\t\t\n\t\t\tweiter\t\t<\/span>\n\t\t\t<\/a>\n\t<\/div>\n<\/div><\/div><div id=\"panel-48-0-0-7\" class=\"so-panel widget widget_sow-editor\" data-index=\"7\" ><div\n\t\t\t\n\t\t\tclass=\"so-widget-sow-editor so-widget-sow-editor-base\"\n\t\t\t\n\t\t>\n<div class=\"siteorigin-widget-tinymce textwidget\">\n\t<hr \/>\n<p>Kombinations-Tipp: Verkaufsseminare werden oft mit <a href=\"https:\/\/eberhard-seminare.ch\/?page_id=223\">Pers\u00f6nlichkeitsentwicklungs-Seminaren<\/a> erg\u00e4nzt und kombiniert. Dadurch entsteht bei Teilnehmenden ein ganzheitlicheres Verst\u00e4ndnis f\u00fcr die professionelle Kundenbetreuung.<\/p>\n<p>Coachings: Um einzelne Mitarbeiter ganz gezielt individuell zu begleiten, beraten wir Sie gerne \u00fcber Coaching-M\u00f6glichkeiten im Verkauf.<\/p>\n<p>Mit dabei: Alle unsere Seminare werden laufend mit den neusten Erkenntnissen im Markt und in der Praxis angepasst. Die Seminarmethode besteht aus verschiedensten Lerntechniken, modernen PPT-Pr\u00e4sentationen sowie ein auf Ihre Firma zugeschnittenes Workbook, dass die wichtigsten Punkte f\u00fcr die Teilnehmenden zur Erg\u00e4nzung festh\u00e4lt.<\/p>\n<\/div>\n<\/div><\/div><div id=\"panel-48-0-0-8\" class=\"so-panel widget widget_sow-button panel-last-child\" data-index=\"8\" ><div\n\t\t\t\n\t\t\tclass=\"so-widget-sow-button so-widget-sow-button-flat-f54c0409268f-48\"\n\t\t\t\n\t\t><div class=\"ow-button-base ow-button-align-center\"\n>\n\t\t\t<a\n\t\t\t\t\thref=\"https:\/\/eberhard-seminare.ch\"\n\t\t\t\t\tclass=\"sowb-button ow-icon-placement-left ow-button-hover\" \t>\n\t\t<span>\n\t\t\t\n\t\t\tZur\u00fcck\t\t<\/span>\n\t\t\t<\/a>\n\t<\/div>\n<\/div><\/div><\/div><\/div><\/div>","protected":false},"excerpt":{"rendered":"<p>Verkauf ist die Lebensader des Unternehmens. W\u00e4hlen Sie Ihren Schwerpunkt: Gr\u00fcndliche, umfassende Verkaufsschulungen f\u00fcr Mitarbeitende auf allen Stufen im Aussendienst, Innendienst, Key Account Management, Customer Service, Kundenbetreung sowie Messetraining und Standpersonal. F\u00fcr massgeschneiderte L\u00f6sungen beraten wir Sie gerne. \u00a0 LSS &#8211; Logical Selling System \u00b7 Kommunikation und Verkauf Klare, von Grund auf strukturierte und praxisorientierte Schulungen, die Ihre\u2026 <span class=\"read-more\"><a href=\"https:\/\/eberhard-seminare.ch\/?page_id=48\">Read More &raquo;<\/a><\/span><\/p>\n","protected":false},"author":3,"featured_media":0,"parent":221,"menu_order":7,"comment_status":"closed","ping_status":"closed","template":"","meta":{"_exactmetrics_skip_tracking":false,"_exactmetrics_sitenote_active":false,"_exactmetrics_sitenote_note":"","_exactmetrics_sitenote_category":0,"footnotes":""},"_links":{"self":[{"href":"https:\/\/eberhard-seminare.ch\/index.php?rest_route=\/wp\/v2\/pages\/48"}],"collection":[{"href":"https:\/\/eberhard-seminare.ch\/index.php?rest_route=\/wp\/v2\/pages"}],"about":[{"href":"https:\/\/eberhard-seminare.ch\/index.php?rest_route=\/wp\/v2\/types\/page"}],"author":[{"embeddable":true,"href":"https:\/\/eberhard-seminare.ch\/index.php?rest_route=\/wp\/v2\/users\/3"}],"replies":[{"embeddable":true,"href":"https:\/\/eberhard-seminare.ch\/index.php?rest_route=%2Fwp%2Fv2%2Fcomments&post=48"}],"version-history":[{"count":29,"href":"https:\/\/eberhard-seminare.ch\/index.php?rest_route=\/wp\/v2\/pages\/48\/revisions"}],"predecessor-version":[{"id":1493,"href":"https:\/\/eberhard-seminare.ch\/index.php?rest_route=\/wp\/v2\/pages\/48\/revisions\/1493"}],"up":[{"embeddable":true,"href":"https:\/\/eberhard-seminare.ch\/index.php?rest_route=\/wp\/v2\/pages\/221"}],"wp:attachment":[{"href":"https:\/\/eberhard-seminare.ch\/index.php?rest_route=%2Fwp%2Fv2%2Fmedia&parent=48"}],"curies":[{"name":"wp","href":"https:\/\/api.w.org\/{rel}","templated":true}]}}