{"id":223,"date":"2009-02-12T15:23:16","date_gmt":"2009-02-12T15:23:16","guid":{"rendered":"https:\/\/test.eberhard-seminare.ch\/?page_id=223"},"modified":"2019-07-19T14:44:28","modified_gmt":"2019-07-19T12:44:28","slug":"persoenlichkeitsentwicklung-2","status":"publish","type":"page","link":"https:\/\/eberhard-seminare.ch\/?page_id=223","title":{"rendered":"Pers\u00f6nlichkeitesentwicklung &#8211; Menschen erkennen, Kundenbeziehungen wirkungsvoll vertiefen."},"content":{"rendered":"<div id=\"pl-223\"  class=\"panel-layout\" ><div id=\"pg-223-0\"  class=\"panel-grid panel-no-style\" ><div id=\"pgc-223-0-0\"  class=\"panel-grid-cell\" ><div id=\"panel-223-0-0-0\" class=\"so-panel widget widget_sow-editor panel-first-child\" data-index=\"0\" ><div\n\t\t\t\n\t\t\tclass=\"so-widget-sow-editor so-widget-sow-editor-base\"\n\t\t\t\n\t\t>\n<div class=\"siteorigin-widget-tinymce textwidget\">\n\t<p>Sich selbst und andere Menschen erkennen und verstehen lernen, Vertrauen schaffen und entwickeln ist das Ziel der Pers\u00f6nlichkeitsentwicklungs-Seminare. Die Pers\u00f6nlichkeits-Seminar-Angebote sind bew\u00e4hrte und lizenzierte, aufeinander aufbauende Seminare vom IBSA Institut f\u00fcr Biostruktur-Analysen AG.<\/p>\n<hr \/>\n<h3><a class=\"h3\" href=\"https:\/\/eberhard-seminare.ch\/?page_id=87\">STS1 Structogram<sup>\u00ae<\/sup> Seminar \u00b7 Schl\u00fcssel zur Selbsterkenntnis<\/a><\/h3>\n<p>Mit dem Structogram\u00ae Seminar erhalten Teilnehmer die systematische Hilfe, die Grundz\u00fcge Ihres Wesens deutlich zu machen um Ihre Wirkung auf andere zu st\u00e4rken.<\/p>\n<p><a href=\"https:\/\/eberhard-seminare.ch\/?page_id=87\">weiter...<\/a><\/p>\n<p>&nbsp;<\/p>\n<hr \/>\n<h3><a class=\"h3\" href=\"https:\/\/eberhard-seminare.ch\/?page_id=89\">STS2 Triogram<sup>\u00ae<\/sup> Seminar \u00b7 Schl\u00fcssel zur Menschenkenntnis<\/a><\/h3>\n<p>Mit dem Triogram\u00ae Seminar erhalten Teilnehmer die systematische Hilfe, Menschen besser zu erkennen und zu verstehen. Dies f\u00fchrt zur Optimierung von Empathie und Sozialkompetenz, was automatisch zu erfolgreichen Menschenkontakten f\u00fchrt.<\/p>\n<p><a href=\"https:\/\/eberhard-seminare.ch\/?page_id=89\">weiter...<\/a><\/p>\n<hr \/>\n<h3><a class=\"h3\" href=\"https:\/\/eberhard-seminare.ch\/?page_id=91\">STS3 Structogram<sup>\u00ae\u00a0<\/sup>System \u00b7 Schl\u00fcssel zum Kunden<\/a><\/h3>\n<p>Im Seminar Schl\u00fcssel zum Kunden erhalten Teilnehmer das R\u00fcstzeug, auf einer pers\u00f6nlichen Ebene jeden Kunden so zu betreuen, wie es Ihm am Wohlsten ist.<\/p>\n<p><a href=\"https:\/\/eberhard-seminare.ch\/?page_id=91\">weiter...<\/a><\/p>\n<p>&nbsp;<\/p>\n<hr \/>\n<p>Kombinations-Tipp: Pers\u00f6nlichkeitsentwicklungs-Seminare werden oft mit Verkaufs-, Verhaltens- oder F\u00fchrungsschulungen erg\u00e4nzt und kombiniert. Dadurch besteht beim Teilnehmenden ein ganzheitlicheres Verst\u00e4ndnis f\u00fcr die bestm\u00f6gliche professionelle Kundenbetreuung.<\/p>\n<p>Coachings: Um einzelne Mitarbeiter ganz gezielt individuell zu begleiten, beraten wir Sie gerne \u00fcber Coachingsm\u00f6glichkeiten in der Pers\u00f6nlichkeitsentwicklung.<\/p>\n<p>Mit dabei: Alle Struktogramm Seminare werden laufend an die neusten Erkenntnisse vom IBSA Institut f\u00fcr Biostruktur-Analysen AG angepasst. Die Seminarmethode besteht aus verschiedensten Lerntechniken, modernen PPT-Pr\u00e4sentationen, sowie lizenzierten Struktogram, Triogram und Schl\u00fcssel zum Kunden-B\u00fccher, die die wichtigsten Punkte f\u00fcr die Teilnehmer zur Erg\u00e4nzung festhalten.<\/p>\n<\/div>\n<\/div><\/div><div id=\"panel-223-0-0-1\" class=\"so-panel widget widget_sow-button panel-last-child\" data-index=\"1\" ><div\n\t\t\t\n\t\t\tclass=\"so-widget-sow-button so-widget-sow-button-flat-f0d8a8793e5a-223\"\n\t\t\t\n\t\t><div class=\"ow-button-base ow-button-align-right\"\n>\n\t\t\t<a\n\t\t\t\t\thref=\"https:\/\/eberhard-seminare.ch\/\"\n\t\t\t\t\tclass=\"sowb-button ow-icon-placement-left ow-button-hover\" \t>\n\t\t<span>\n\t\t\t<span class=\"sow-icon-icomoon\" data-sow-icon=\"&#xe901;\"\n\t\tstyle=\"\" \n\t\taria-hidden=\"true\"><\/span>\n\t\t\tZur\u00fcck\t\t<\/span>\n\t\t\t<\/a>\n\t<\/div>\n<\/div><\/div><\/div><\/div><\/div>","protected":false},"excerpt":{"rendered":"<p>Sich selbst und andere Menschen erkennen und verstehen lernen, Vertrauen schaffen und entwickeln ist das Ziel der Pers\u00f6nlichkeitsentwicklungs-Seminare. Die Pers\u00f6nlichkeits-Seminar-Angebote sind bew\u00e4hrte und lizenzierte, aufeinander aufbauende Seminare vom IBSA Institut f\u00fcr Biostruktur-Analysen AG. STS1 Structogram\u00ae Seminar \u00b7 Schl\u00fcssel zur Selbsterkenntnis Mit dem Structogram\u00ae Seminar erhalten Teilnehmer die systematische Hilfe, die Grundz\u00fcge Ihres Wesens deutlich zu machen um Ihre\u2026 <span class=\"read-more\"><a href=\"https:\/\/eberhard-seminare.ch\/?page_id=223\">Read More &raquo;<\/a><\/span><\/p>\n","protected":false},"author":3,"featured_media":0,"parent":221,"menu_order":4,"comment_status":"closed","ping_status":"closed","template":"","meta":{"_exactmetrics_skip_tracking":false,"_exactmetrics_sitenote_active":false,"_exactmetrics_sitenote_note":"","_exactmetrics_sitenote_category":0,"footnotes":""},"_links":{"self":[{"href":"https:\/\/eberhard-seminare.ch\/index.php?rest_route=\/wp\/v2\/pages\/223"}],"collection":[{"href":"https:\/\/eberhard-seminare.ch\/index.php?rest_route=\/wp\/v2\/pages"}],"about":[{"href":"https:\/\/eberhard-seminare.ch\/index.php?rest_route=\/wp\/v2\/types\/page"}],"author":[{"embeddable":true,"href":"https:\/\/eberhard-seminare.ch\/index.php?rest_route=\/wp\/v2\/users\/3"}],"replies":[{"embeddable":true,"href":"https:\/\/eberhard-seminare.ch\/index.php?rest_route=%2Fwp%2Fv2%2Fcomments&post=223"}],"version-history":[{"count":31,"href":"https:\/\/eberhard-seminare.ch\/index.php?rest_route=\/wp\/v2\/pages\/223\/revisions"}],"predecessor-version":[{"id":1571,"href":"https:\/\/eberhard-seminare.ch\/index.php?rest_route=\/wp\/v2\/pages\/223\/revisions\/1571"}],"up":[{"embeddable":true,"href":"https:\/\/eberhard-seminare.ch\/index.php?rest_route=\/wp\/v2\/pages\/221"}],"wp:attachment":[{"href":"https:\/\/eberhard-seminare.ch\/index.php?rest_route=%2Fwp%2Fv2%2Fmedia&parent=223"}],"curies":[{"name":"wp","href":"https:\/\/api.w.org\/{rel}","templated":true}]}}