{"id":221,"date":"2012-03-27T13:47:36","date_gmt":"2012-03-27T13:47:36","guid":{"rendered":"https:\/\/test.eberhard-seminare.ch\/?page_id=221"},"modified":"2020-08-19T09:25:23","modified_gmt":"2020-08-19T07:25:23","slug":"test","status":"publish","type":"page","link":"https:\/\/eberhard-seminare.ch\/","title":{"rendered":"Seminare, die weiterbringen. Methoden, die den Alltag vereinfachen."},"content":{"rendered":"<div id=\"pl-221\"  class=\"panel-layout\" ><div id=\"pg-221-0\"  class=\"panel-grid panel-no-style\" ><div id=\"pgc-221-0-0\"  class=\"panel-grid-cell\" ><div id=\"panel-221-0-0-0\" class=\"so-panel widget widget_sow-editor panel-first-child panel-last-child\" data-index=\"0\" ><div\n\t\t\t\n\t\t\tclass=\"so-widget-sow-editor so-widget-sow-editor-base\"\n\t\t\t\n\t\t>\n<div class=\"siteorigin-widget-tinymce textwidget\">\n\t<div class=\"componentheading\">Sie m\u00f6chten das volle Potenzial Ihrer Mitarbeiter aussch\u00f6pfen? Sie wollen Erfolg? Sie brauchen fachm\u00e4nnische Weiterbildung f\u00fcr Ihr Team? Oder wollen Teammitglieder in neuen Positionen begleitend coachen lassen? Eberhard Seminare und Coachings schaffen Resultate, Klarheit, Freude und Kompetenz. Die Seminare und Methoden sind ganz auf die Menschen abgestimmt, freundlich, intensiv, praxisorientiert und sofort anwendbar.<\/div>\n<p>Alle Themen in den Eberhard Seminaren sind spezifisch eingeteilt und aufbauend zusammengestellt, sie werden nach Ihren W\u00fcnschen vertieft und erg\u00e4nzt, damit sie ganz Ihren Bed\u00fcrfnissen und Ihrem Zeitplan entsprechen. Wir beraten Sie gerne f\u00fcr massgeschneiderte L\u00f6sungen, damit die pers\u00f6nliche Entwicklung Ihrer Mitarbeitenden gezielt gef\u00f6rdert wird. Mit mehr als 34 Jahren Erfahrung in der Branche verstehen wir es, Ihren Unternehmensweg mitzugestalten.<\/p>\n<\/div>\n<\/div><\/div><\/div><\/div><div id=\"pg-221-1\"  class=\"panel-grid panel-no-style\" ><div id=\"pgc-221-1-0\"  class=\"panel-grid-cell\" ><div id=\"panel-221-1-0-0\" class=\"so-panel widget widget_sow-editor panel-first-child panel-last-child\" data-index=\"1\" ><div\n\t\t\t\n\t\t\tclass=\"so-widget-sow-editor so-widget-sow-editor-base\"\n\t\t\t\n\t\t>\n<div class=\"siteorigin-widget-tinymce textwidget\">\n\t<div class=\"sprocket-strips-c-block\" data-strips-item=\"\">\n<div class=\"sprocket-strips-c-item\" data-strips-content=\"\">\n<div class=\"sprocket-strips-c-content\">\n<div class=\"sprocket-strips-c-extended\">\n<div class=\"sprocket-strips-c-extended-info\">\n<h1><a href=\"https:\/\/eberhard-seminare.ch\/?page_id=48\">Verkaufsschulung<\/a><\/h1>\n<h4>Professionelle Verkaufsseminare auf allen Stufen, um Kundenbeziehungen in wirkungsvolle Verkaufsresultate umzuwandeln.<\/h4>\n\n<!-- Buttons X - Start -->\n<style type=\"text\/css\" scoped>\/*892-start*\/\n#btnsx-892{margin-top:0px;margin-bottom:0px;margin-left:0px;margin-right:0px;padding-top:10px;padding-bottom:10px;padding-left:40px;padding-right:40px;}\n#btnsx-892 .btnsx-text-primary{font-size:12px;line-height:12px;font-family:Trebuchet MS;color:#555555;padding-top:0px;padding-bottom:0px;padding-left:0px;padding-right:0px;}\n#btnsx-892:hover .btnsx-text-primary{color:#ffffff;}\n#btnsx-892{background-color:#f4f4f4!important;}\n#btnsx-892:hover{background-color:#00a1e0!important;}\n#btnsx-892{border-top-width:0px;border-bottom-width:0px;border-left-width:0px;border-right-width:0px;border-style:double;border-color:#1e73be;border-top-left-radius:0px;border-top-right-radius:0px;border-bottom-left-radius:0px;border-bottom-right-radius:0px;}\n#btnsx-892:hover{border-top-width:0px;border-bottom-width:0px;border-left-width:0px;border-right-width:0px;border-style:solid;border-top-left-radius:0px;border-top-right-radius:0px;border-bottom-left-radius:0px;border-bottom-right-radius:0px;}\n#btnsx-892{-webkit-box-shadow:none;box-shadow:none;}\n#btnsx-892:hover{-webkit-box-shadow:none;box-shadow:none;}\n\/*892-end*\/\n<\/style>\n<a href=\"https:\/\/eberhard-seminare.ch\/?page_id=48\" id=\"btnsx-892\" target=\"_self\" class=\"btnsx-btn\"  data-font-primary=\"Trebuchet MS\">\n\t<span class=\"btnsx-text-primary \">Weiterlesen<\/span><\/a>\n\n<!-- Buttons X - End -->\n\n<\/div>\n<\/div>\n<\/div>\n<\/div>\n<\/div>\n<\/div>\n<\/div><\/div><\/div><div id=\"pgc-221-1-1\"  class=\"panel-grid-cell\" ><div id=\"panel-221-1-1-0\" class=\"so-panel widget widget_sow-editor panel-first-child panel-last-child\" data-index=\"2\" ><div\n\t\t\t\n\t\t\tclass=\"so-widget-sow-editor so-widget-sow-editor-base\"\n\t\t\t\n\t\t>\n<div class=\"siteorigin-widget-tinymce textwidget\">\n\t<div class=\"sprocket-strips-c-block\" data-strips-item=\"\">\n<div class=\"sprocket-strips-c-item\" data-strips-content=\"\">\n<div class=\"sprocket-strips-c-content\">\n<h1><a href=\"https:\/\/eberhard-seminare.ch\/?page_id=72\">Kundenorientiertes Verhalten<\/a><\/h1>\n<div class=\"sprocket-strips-c-extended\">\n<div class=\"sprocket-strips-c-extended-info\">\n<h4>Kundenorientiertes Verhalten, Schulung f\u00fcr Backoffice und technische Mitarbeitende, welche durch den direkten Kontakt mit den Kunden das positive Image ihres Unternehmens pr\u00e4gen.<\/h4>\n\n<!-- Buttons X - Start -->\n<style type=\"text\/css\" scoped>\/*895-start*\/\n#btnsx-895{margin-top:0px;margin-bottom:0px;margin-left:0px;margin-right:0px;padding-top:10px;padding-bottom:10px;padding-left:40px;padding-right:40px;}\n#btnsx-895 .btnsx-text-primary{font-size:12px;line-height:12px;font-family:Trebuchet MS;color:#555555;padding-top:0px;padding-bottom:0px;padding-left:0px;padding-right:0px;}\n#btnsx-895:hover .btnsx-text-primary{color:#ffffff;}\n#btnsx-895{background-color:#f4f4f4!important;}\n#btnsx-895:hover{background-color:#00a1e0!important;}\n#btnsx-895{border-top-width:0px;border-bottom-width:0px;border-left-width:0px;border-right-width:0px;border-style:double;border-color:#1e73be;border-top-left-radius:0px;border-top-right-radius:0px;border-bottom-left-radius:0px;border-bottom-right-radius:0px;}\n#btnsx-895:hover{border-top-width:0px;border-bottom-width:0px;border-left-width:0px;border-right-width:0px;border-style:solid;border-top-left-radius:0px;border-top-right-radius:0px;border-bottom-left-radius:0px;border-bottom-right-radius:0px;}\n#btnsx-895{-webkit-box-shadow:none;box-shadow:none;}\n#btnsx-895:hover{-webkit-box-shadow:none;box-shadow:none;}\n\/*895-end*\/\n<\/style>\n<a href=\"https:\/\/eberhard-seminare.ch\/?page_id=72\" id=\"btnsx-895\" target=\"_self\" class=\"btnsx-btn\"  data-font-primary=\"Trebuchet MS\">\n\t<span class=\"btnsx-text-primary \">Weiterlesen<\/span><\/a>\n\n<!-- Buttons X - End -->\n\n<\/div>\n<\/div>\n<\/div>\n<\/div>\n<\/div>\n<div class=\"sprocket-strips-c-block\" data-strips-item=\"\"><\/div>\n<\/div>\n<\/div><\/div><\/div><\/div><div id=\"pg-221-2\"  class=\"panel-grid panel-no-style\" ><div id=\"pgc-221-2-0\"  class=\"panel-grid-cell\" ><div id=\"panel-221-2-0-0\" class=\"so-panel widget widget_sow-editor panel-first-child panel-last-child\" data-index=\"3\" ><div\n\t\t\t\n\t\t\tclass=\"so-widget-sow-editor so-widget-sow-editor-base\"\n\t\t\t\n\t\t>\n<div class=\"siteorigin-widget-tinymce textwidget\">\n\t<div class=\"sprocket-strips-c-block\" data-strips-item=\"\">\n<div class=\"sprocket-strips-c-item\" data-strips-content=\"\">\n<div class=\"sprocket-strips-c-content\">\n<div class=\"sprocket-strips-c-extended\">\n<div class=\"sprocket-strips-c-extended-info\">\n<h1><a href=\"https:\/\/eberhard-seminare.ch\/?page_id=223\">Pers\u00f6nlichkeitsentwicklung<\/a><\/h1>\n<h4>Structogram\u00ae und Triogram\u00ae Seminare f\u00fcr Selbsterkenntnis und Menschenkenntnis, damit entscheidende Begegnungen eine positive Fortsetzung finden.<\/h4>\n\n<!-- Buttons X - Start -->\n<style type=\"text\/css\" scoped>\/*896-start*\/\n#btnsx-896{margin-top:0px;margin-bottom:0px;margin-left:0px;margin-right:0px;padding-top:10px;padding-bottom:10px;padding-left:40px;padding-right:40px;}\n#btnsx-896 .btnsx-text-primary{font-size:12px;line-height:12px;font-family:Trebuchet MS;color:#555555;padding-top:0px;padding-bottom:0px;padding-left:0px;padding-right:0px;}\n#btnsx-896:hover .btnsx-text-primary{color:#ffffff;}\n#btnsx-896{background-color:#f4f4f4!important;}\n#btnsx-896:hover{background-color:#00a1e0!important;}\n#btnsx-896{border-top-width:0px;border-bottom-width:0px;border-left-width:0px;border-right-width:0px;border-style:double;border-color:#1e73be;border-top-left-radius:0px;border-top-right-radius:0px;border-bottom-left-radius:0px;border-bottom-right-radius:0px;}\n#btnsx-896:hover{border-top-width:0px;border-bottom-width:0px;border-left-width:0px;border-right-width:0px;border-style:solid;border-top-left-radius:0px;border-top-right-radius:0px;border-bottom-left-radius:0px;border-bottom-right-radius:0px;}\n#btnsx-896{-webkit-box-shadow:none;box-shadow:none;}\n#btnsx-896:hover{-webkit-box-shadow:none;box-shadow:none;}\n\/*896-end*\/\n<\/style>\n<a href=\"https:\/\/eberhard-seminare.ch\/?page_id=223\" id=\"btnsx-896\" target=\"_self\" class=\"btnsx-btn\"  data-font-primary=\"Trebuchet MS\">\n\t<span class=\"btnsx-text-primary \">Weiterlesen<\/span><\/a>\n\n<!-- Buttons X - End -->\n\n<\/div>\n<\/div>\n<\/div>\n<\/div>\n<\/div>\n<\/div>\n<\/div><\/div><\/div><div id=\"pgc-221-2-1\"  class=\"panel-grid-cell\" ><div id=\"panel-221-2-1-0\" class=\"so-panel widget widget_sow-editor panel-first-child panel-last-child\" data-index=\"4\" ><div\n\t\t\t\n\t\t\tclass=\"so-widget-sow-editor so-widget-sow-editor-base\"\n\t\t\t\n\t\t>\n<div class=\"siteorigin-widget-tinymce textwidget\">\n\t<div class=\"sprocket-strips-c-block\" data-strips-item=\"\">\n<div class=\"sprocket-strips-c-item\" data-strips-content=\"\">\n<div class=\"sprocket-strips-c-content\">\n<h1><a href=\"https:\/\/eberhard-seminare.ch\/?page_id=92\">F\u00fchrungsschulung<\/a><\/h1>\n<div class=\"sprocket-strips-c-extended\">\n<div class=\"sprocket-strips-c-extended-info\">\n<h4>Seminare f\u00fcr F\u00fchrungskr\u00e4fte, Instruktoren und Vorgesetzte, weil auch Teamleader manchmal Coaching brauchen.<\/h4>\n\n<!-- Buttons X - Start -->\n<style type=\"text\/css\" scoped>\/*897-start*\/\n#btnsx-897{margin-top:0px;margin-bottom:0px;margin-left:0px;margin-right:0px;padding-top:10px;padding-bottom:10px;padding-left:40px;padding-right:40px;}\n#btnsx-897 .btnsx-text-primary{font-size:12px;line-height:12px;font-family:Trebuchet MS;color:#555555;padding-top:0px;padding-bottom:0px;padding-left:0px;padding-right:0px;}\n#btnsx-897:hover .btnsx-text-primary{color:#ffffff;}\n#btnsx-897{background-color:#f4f4f4!important;}\n#btnsx-897:hover{background-color:#00a1e0!important;}\n#btnsx-897{border-top-width:0px;border-bottom-width:0px;border-left-width:0px;border-right-width:0px;border-style:double;border-color:#1e73be;border-top-left-radius:0px;border-top-right-radius:0px;border-bottom-left-radius:0px;border-bottom-right-radius:0px;}\n#btnsx-897:hover{border-top-width:0px;border-bottom-width:0px;border-left-width:0px;border-right-width:0px;border-style:solid;border-top-left-radius:0px;border-top-right-radius:0px;border-bottom-left-radius:0px;border-bottom-right-radius:0px;}\n#btnsx-897{-webkit-box-shadow:none;box-shadow:none;}\n#btnsx-897:hover{-webkit-box-shadow:none;box-shadow:none;}\n\/*897-end*\/\n<\/style>\n<a href=\"https:\/\/eberhard-seminare.ch\/?page_id=92\" id=\"btnsx-897\" target=\"_self\" class=\"btnsx-btn\"  data-font-primary=\"Trebuchet MS\">\n\t<span class=\"btnsx-text-primary \">Weiterlesen<\/span><\/a>\n\n<!-- Buttons X - End -->\n\n<\/div>\n<\/div>\n<\/div>\n<\/div>\n<\/div>\n<\/div>\n<\/div><\/div><\/div><\/div><div id=\"pg-221-3\"  class=\"panel-grid panel-no-style\" ><div id=\"pgc-221-3-0\"  class=\"panel-grid-cell\" ><div id=\"panel-221-3-0-0\" class=\"so-panel widget widget_sow-editor panel-first-child panel-last-child\" data-index=\"5\" ><div\n\t\t\t\n\t\t\tclass=\"so-widget-sow-editor so-widget-sow-editor-base\"\n\t\t\t\n\t\t>\n<div class=\"siteorigin-widget-tinymce textwidget\">\n\t<div class=\"sprocket-strips-c-block\" data-strips-item=\"\">\n<div class=\"sprocket-strips-c-item\" data-strips-content=\"\">\n<div class=\"sprocket-strips-c-content\">\n<div class=\"sprocket-strips-c-extended\">\n<div class=\"sprocket-strips-c-extended-info\">\n<h1><a href=\"https:\/\/eberhard-seminare.ch\/?page_id=101\">\u00d6ffentliche Seminare<\/a><\/h1>\n<h4>Ihre Gelegenheit, einzelne neue Mitarbeitende und kleine Teams auf den selben Stand wie Ihre bestehenden Mitarbeitenden zu bringen.<\/h4>\n\n<!-- Buttons X - Start -->\n<style type=\"text\/css\" scoped>\/*898-start*\/\n#btnsx-898{margin-top:0px;margin-bottom:0px;margin-left:0px;margin-right:0px;padding-top:10px;padding-bottom:10px;padding-left:40px;padding-right:40px;}\n#btnsx-898 .btnsx-text-primary{font-size:12px;line-height:12px;font-family:Trebuchet MS;color:#555555;padding-top:0px;padding-bottom:0px;padding-left:0px;padding-right:0px;}\n#btnsx-898:hover .btnsx-text-primary{color:#ffffff;}\n#btnsx-898{background-color:#f4f4f4!important;}\n#btnsx-898:hover{background-color:#00a1e0!important;}\n#btnsx-898{border-top-width:0px;border-bottom-width:0px;border-left-width:0px;border-right-width:0px;border-style:double;border-color:#1e73be;border-top-left-radius:0px;border-top-right-radius:0px;border-bottom-left-radius:0px;border-bottom-right-radius:0px;}\n#btnsx-898:hover{border-top-width:0px;border-bottom-width:0px;border-left-width:0px;border-right-width:0px;border-style:solid;border-top-left-radius:0px;border-top-right-radius:0px;border-bottom-left-radius:0px;border-bottom-right-radius:0px;}\n#btnsx-898{-webkit-box-shadow:none;box-shadow:none;}\n#btnsx-898:hover{-webkit-box-shadow:none;box-shadow:none;}\n\/*898-end*\/\n<\/style>\n<a href=\"https:\/\/eberhard-seminare.ch\/?page_id=101\" id=\"btnsx-898\" target=\"_self\" class=\"btnsx-btn\"  data-font-primary=\"Trebuchet MS\">\n\t<span class=\"btnsx-text-primary \">Weiterlesen<\/span><\/a>\n\n<!-- Buttons X - End -->\n<\/div>\n<\/div>\n<\/div>\n<\/div>\n<\/div>\n<\/div>\n<\/div><\/div><\/div><div id=\"pgc-221-3-1\"  class=\"panel-grid-cell\" ><div id=\"panel-221-3-1-0\" class=\"so-panel widget widget_sow-editor panel-first-child panel-last-child\" data-index=\"6\" ><div\n\t\t\t\n\t\t\tclass=\"so-widget-sow-editor so-widget-sow-editor-base\"\n\t\t\t\n\t\t>\n<div class=\"siteorigin-widget-tinymce textwidget\">\n\t<div class=\"sprocket-strips-c-block\" data-strips-item=\"\">\n<div class=\"sprocket-strips-c-item\" data-strips-content=\"\">\n<div class=\"sprocket-strips-c-content\">\n<h1><a href=\"https:\/\/eberhard-seminare.ch\/?page_id=179\">Train-the-Trainer<\/a><\/h1>\n<div class=\"sprocket-strips-c-extended\">\n<div class=\"sprocket-strips-c-extended-info\">\n<h4>Seminare oder Coachings f\u00fcr Fachspezialisten und neue Trainer, damit wertvolles Wissen wirkungsvoll weitergegeben wird.<\/h4>\n<div class=\"sprocket-strips-c-block\" data-strips-item=\"\">\n<div class=\"sprocket-strips-c-item\" data-strips-content=\"\">\n<div class=\"sprocket-strips-c-content\">\n<div class=\"sprocket-strips-c-extended\">\n<div class=\"sprocket-strips-c-extended-info\">\n<div class=\"sprocket-strips-c-block\" data-strips-item=\"\">\n<div class=\"sprocket-strips-c-item\" data-strips-content=\"\">\n<div class=\"sprocket-strips-c-content\">\n<div class=\"sprocket-strips-c-extended\">\n<div class=\"sprocket-strips-c-extended-info\">\n<!-- Buttons X - Start -->\n<style type=\"text\/css\" scoped>\/*899-start*\/\n#btnsx-899{margin-top:0px;margin-bottom:0px;margin-left:0px;margin-right:0px;padding-top:10px;padding-bottom:10px;padding-left:40px;padding-right:40px;}\n#btnsx-899 .btnsx-text-primary{font-size:12px;line-height:12px;font-family:Trebuchet MS;color:#555555;padding-top:0px;padding-bottom:0px;padding-left:0px;padding-right:0px;}\n#btnsx-899:hover .btnsx-text-primary{color:#ffffff;}\n#btnsx-899{background-color:#f4f4f4!important;}\n#btnsx-899:hover{background-color:#00a1e0!important;}\n#btnsx-899{border-top-width:0px;border-bottom-width:0px;border-left-width:0px;border-right-width:0px;border-style:double;border-color:#1e73be;border-top-left-radius:0px;border-top-right-radius:0px;border-bottom-left-radius:0px;border-bottom-right-radius:0px;}\n#btnsx-899:hover{border-top-width:0px;border-bottom-width:0px;border-left-width:0px;border-right-width:0px;border-style:solid;border-top-left-radius:0px;border-top-right-radius:0px;border-bottom-left-radius:0px;border-bottom-right-radius:0px;}\n#btnsx-899{-webkit-box-shadow:none;box-shadow:none;}\n#btnsx-899:hover{-webkit-box-shadow:none;box-shadow:none;}\n\/*899-end*\/\n<\/style>\n<a href=\"https:\/\/eberhard-seminare.ch\/?page_id=179\" id=\"btnsx-899\" target=\"_self\" class=\"btnsx-btn\"  data-font-primary=\"Trebuchet MS\">\n\t<span class=\"btnsx-text-primary \">Weiterlesen<\/span><\/a>\n\n<!-- Buttons X - End -->\n<\/div>\n<\/div>\n<\/div>\n<\/div>\n<\/div>\n<div class=\"sprocket-strips-c-block\" data-strips-item=\"\">\u00a0<\/div>\n<p>\u00a0<\/p><\/div>\n<\/div>\n<\/div>\n<\/div>\n<\/div>\n<\/div>\n<\/div>\n<\/div>\n<\/div>\n<\/div>\n<\/div>\n<\/div><\/div><\/div><\/div><\/div>","protected":false},"excerpt":{"rendered":"<p>Sie m\u00f6chten das volle Potenzial Ihrer Mitarbeiter aussch\u00f6pfen? Sie wollen Erfolg? Sie brauchen fachm\u00e4nnische Weiterbildung f\u00fcr Ihr Team? Oder wollen Teammitglieder in neuen Positionen begleitend coachen lassen? Eberhard Seminare und Coachings schaffen Resultate, Klarheit, Freude und Kompetenz. Die Seminare und Methoden sind ganz auf die Menschen abgestimmt, freundlich, intensiv, praxisorientiert und sofort anwendbar. Alle Themen in den Eberhard\u2026 <span class=\"read-more\"><a href=\"https:\/\/eberhard-seminare.ch\/\">Read More &raquo;<\/a><\/span><\/p>\n","protected":false},"author":3,"featured_media":0,"parent":0,"menu_order":0,"comment_status":"closed","ping_status":"closed","template":"","meta":{"_exactmetrics_skip_tracking":false,"_exactmetrics_sitenote_active":false,"_exactmetrics_sitenote_note":"","_exactmetrics_sitenote_category":0,"footnotes":""},"_links":{"self":[{"href":"https:\/\/eberhard-seminare.ch\/index.php?rest_route=\/wp\/v2\/pages\/221"}],"collection":[{"href":"https:\/\/eberhard-seminare.ch\/index.php?rest_route=\/wp\/v2\/pages"}],"about":[{"href":"https:\/\/eberhard-seminare.ch\/index.php?rest_route=\/wp\/v2\/types\/page"}],"author":[{"embeddable":true,"href":"https:\/\/eberhard-seminare.ch\/index.php?rest_route=\/wp\/v2\/users\/3"}],"replies":[{"embeddable":true,"href":"https:\/\/eberhard-seminare.ch\/index.php?rest_route=%2Fwp%2Fv2%2Fcomments&post=221"}],"version-history":[{"count":65,"href":"https:\/\/eberhard-seminare.ch\/index.php?rest_route=\/wp\/v2\/pages\/221\/revisions"}],"predecessor-version":[{"id":1658,"href":"https:\/\/eberhard-seminare.ch\/index.php?rest_route=\/wp\/v2\/pages\/221\/revisions\/1658"}],"wp:attachment":[{"href":"https:\/\/eberhard-seminare.ch\/index.php?rest_route=%2Fwp%2Fv2%2Fmedia&parent=221"}],"curies":[{"name":"wp","href":"https:\/\/api.w.org\/{rel}","templated":true}]}}