{"id":2,"date":"2016-02-03T04:08:41","date_gmt":"2016-02-03T04:08:41","guid":{"rendered":"http:\/\/wp442m.a10-52-158-154.qa.plesk.ru\/wordpress\/?page_id=2"},"modified":"2020-08-19T09:40:39","modified_gmt":"2020-08-19T07:40:39","slug":"sample-page","status":"publish","type":"page","link":"https:\/\/eberhard-seminare.ch\/?page_id=2","title":{"rendered":"\u00dcber Uns"},"content":{"rendered":"<div class=\"leading-0\">\n<h2>Unsere Philosophie<\/h2>\n<p>Das Leben bedeutet f\u00fcr uns mehr, als nur den Alltag zu bew\u00e4ltigen. Und das Berufsleben ist mehr als Geld verdienen. Denn die Welt, in der wir stehen, ist f\u00fcr jeden einzelnen Menschen auch der Ort, wo er sich entwickelt und wo er seine Erkenntnisse gewinnt. Wer sich selber in einem \u00fcbergeordneten Ganzen als Individuum mit allen Facetten erkennt, kann aus dem eigenen Potential voll sch\u00f6pfen.<\/p>\n<p>Wir schulen und unterst\u00fctzen Menschen und ihre Unternehmen darin, sich selbst, die Menschen, den Markt und die Umwelt besser zu verstehen und ethisch und selbstverantwortlich zu handeln. Dank Selbsterkenntnis, Berufskompetenz und bewusster Kommunikation gelangen sie zu erh\u00f6hter Lebensqualit\u00e4t und zu mehr Berufserfolg.<\/p>\n<\/div>\n<div class=\"leading-1\">\n<h2>Der Trainer<\/h2>\n<p>Sie wissen es, wir wissen es: Ein S<img decoding=\"async\" loading=\"lazy\" class=\"wp-image-1656 size-medium alignleft\" src=\"https:\/\/eberhard-seminare.ch\/wp-content\/uploads\/2020\/08\/2020-300x225.jpeg\" alt=\"\" width=\"300\" height=\"225\" srcset=\"https:\/\/eberhard-seminare.ch\/wp-content\/uploads\/2020\/08\/2020-300x225.jpeg 300w, https:\/\/eberhard-seminare.ch\/wp-content\/uploads\/2020\/08\/2020-1024x768.jpeg 1024w, https:\/\/eberhard-seminare.ch\/wp-content\/uploads\/2020\/08\/2020-768x576.jpeg 768w, https:\/\/eberhard-seminare.ch\/wp-content\/uploads\/2020\/08\/2020-665x499.jpeg 665w, https:\/\/eberhard-seminare.ch\/wp-content\/uploads\/2020\/08\/2020.jpeg 1220w\" sizes=\"(max-width: 300px) 100vw, 300px\" \/>eminar steht und f\u00e4llt mit dem Trainer. Seit mehr als 35 Jahren sind Seminare seine Leidenschaft: Pius Eberhard ist als Seminarleiter vollst\u00e4ndig in seinem Element.<br \/>\nSeine Seminartage sind spannend, motivierend und locker. Mit der dadurch gewonnenen guten Stimmung und hohen Lernfreude f\u00fchrt er die Teilnehmenden zu grossem und nachhaltigem Lernerfolg.<\/p>\n<p>Pius Eberhard, geboren am 9. April 1954 in Schwyz und hat zwei erwachsene T\u00f6chter. Seine Familie, die Natur und das Reisen sind wichtige Aspekte in seinem Leben.<\/p>\n<\/div>\n","protected":false},"excerpt":{"rendered":"<p>Unsere Philosophie Das Leben bedeutet f\u00fcr uns mehr, als nur den Alltag zu bew\u00e4ltigen. Und das Berufsleben ist mehr als Geld verdienen. Denn die Welt, in der wir stehen, ist f\u00fcr jeden einzelnen Menschen auch der Ort, wo er sich entwickelt und wo er seine Erkenntnisse gewinnt. Wer sich selber in einem \u00fcbergeordneten Ganzen als Individuum mit allen\u2026 <span class=\"read-more\"><a href=\"https:\/\/eberhard-seminare.ch\/?page_id=2\">Read More &raquo;<\/a><\/span><\/p>\n","protected":false},"author":3,"featured_media":0,"parent":221,"menu_order":0,"comment_status":"closed","ping_status":"closed","template":"","meta":{"_exactmetrics_skip_tracking":false,"_exactmetrics_sitenote_active":false,"_exactmetrics_sitenote_note":"","_exactmetrics_sitenote_category":0,"footnotes":""},"_links":{"self":[{"href":"https:\/\/eberhard-seminare.ch\/index.php?rest_route=\/wp\/v2\/pages\/2"}],"collection":[{"href":"https:\/\/eberhard-seminare.ch\/index.php?rest_route=\/wp\/v2\/pages"}],"about":[{"href":"https:\/\/eberhard-seminare.ch\/index.php?rest_route=\/wp\/v2\/types\/page"}],"author":[{"embeddable":true,"href":"https:\/\/eberhard-seminare.ch\/index.php?rest_route=\/wp\/v2\/users\/3"}],"replies":[{"embeddable":true,"href":"https:\/\/eberhard-seminare.ch\/index.php?rest_route=%2Fwp%2Fv2%2Fcomments&post=2"}],"version-history":[{"count":7,"href":"https:\/\/eberhard-seminare.ch\/index.php?rest_route=\/wp\/v2\/pages\/2\/revisions"}],"predecessor-version":[{"id":1660,"href":"https:\/\/eberhard-seminare.ch\/index.php?rest_route=\/wp\/v2\/pages\/2\/revisions\/1660"}],"up":[{"embeddable":true,"href":"https:\/\/eberhard-seminare.ch\/index.php?rest_route=\/wp\/v2\/pages\/221"}],"wp:attachment":[{"href":"https:\/\/eberhard-seminare.ch\/index.php?rest_route=%2Fwp%2Fv2%2Fmedia&parent=2"}],"curies":[{"name":"wp","href":"https:\/\/api.w.org\/{rel}","templated":true}]}}