{"id":101,"date":"2008-10-28T08:50:18","date_gmt":"2008-10-28T06:50:18","guid":{"rendered":"https:\/\/test.eberhard-seminare.ch\/?page_id=101"},"modified":"2019-06-16T20:00:06","modified_gmt":"2019-06-16T18:00:06","slug":"oeffentlich","status":"publish","type":"page","link":"https:\/\/eberhard-seminare.ch\/?page_id=101","title":{"rendered":"\u00d6ffentliche Seminare &#8211; kompaktes Wissen, sofort Resultate."},"content":{"rendered":"<div id=\"pl-101\"  class=\"panel-layout\" ><div id=\"pg-101-0\"  class=\"panel-grid panel-no-style\" ><div id=\"pgc-101-0-0\"  class=\"panel-grid-cell\" ><div id=\"panel-101-0-0-0\" class=\"so-panel widget widget_sow-editor panel-first-child\" data-index=\"0\" ><div\n\t\t\t\n\t\t\tclass=\"so-widget-sow-editor so-widget-sow-editor-base\"\n\t\t\t\n\t\t>\n<div class=\"siteorigin-widget-tinymce textwidget\">\n\t<p>Privatpersonen, Einsteiger, Profis, oder neue Mitarbeitende, die erfolgreich verkaufen m\u00f6chten, optimieren das Verkaufsgespr\u00e4ch mit den neusten Verkaufsmethoden. Wir bieten \u00f6ffentliche Seminare f\u00fcr Einzelpersonen oder kleine Teams an, damit Sie als Firma immer alle Mitarbeitende auf dem gleichen Stand behalten k\u00f6nnen.<\/p>\n<p>Die Daten unserer n\u00e4chsten \u00f6ffentlichen Seminaren finden Sie unter <a href=\"https:\/\/eberhard-seminare.ch\/?page_id=20\">\u201eSeminar Anmeldung\u201c<\/a><\/p>\n<hr \/>\n<h3><a class=\"h3\" href=\"https:\/\/eberhard-seminare.ch\/?page_id=48\" target=\"_blank\" rel=\"noopener\">LSS1 - Erfolgreich verkaufen mit Systematik und Freude<\/a><\/h3>\n<p>Klare, von Grund auf strukturierte und praxisorientierte Schulungen, die Ihre Mitarbeitenden im Verkauf von A-Z mit sofort anwendbarem Wissen f\u00fcr den Gesch\u00e4ftsalltag ausr\u00fcstet. Der Verkauf am Telefon und im pers\u00f6nlichen Gespr\u00e4ch wird mit Hilfe des klaren roten Fadens leicht und \u00fcbersichtlich.<\/p>\n<p> <a href=\"https:\/\/eberhard-seminare.ch\/?page_id=60\" target=\"_blank\" rel=\"noopener\">weiter...\u00a0<\/a><a href=\"https:\/\/eberhard-seminare.ch\/?page_id=101\" target=\"_blank\" rel=\"noopener\"> \u00a0\u00a0\u00a0 \u00a0\u00a0<\/a><a href=\"https:\/\/eberhard-seminare.ch\/?page_id=20\">Jetzt amelden!<\/a><\/p>\n<hr \/>\n<h3><a href=\"https:\/\/eberhard-seminare.ch\/?page_id=87\"><span class=\"h3\">STS1 Structogram\u00ae - Schl\u00fcssel zur Selbsterkenntnis<\/span><\/a><\/h3>\n<p>Mit dem Structogram\u00ae Seminar erhalten Teilnehmer die systematische Hilfe, die Grundz\u00fcge Ihres Wesens deutlich zu machen, um Ihre Wirkung auf andere zu st\u00e4rken.<br \/> <a href=\"https:\/\/eberhard-seminare.ch\/?page_id=87\">weiter...\u00a0 \u00a0\u00a0\u00a0 \u00a0\u00a0<\/a><a href=\"https:\/\/eberhard-seminare.ch\/?page_id=20\">Jetzt anmelden!<\/a><\/p>\n<p>&nbsp;<\/p>\n<hr \/>\n<h3><a href=\"https:\/\/eberhard-seminare.ch\/?page_id=89\" rel=\"noopener\">STS2 Triogram\u00ae - Schl\u00fcssel zur Menschenkenntnis<\/a><\/h3>\n<p>Das Triogram\u00ae Seminar \u00f6ffnet die Sicht auf andere Menschen. Mit dem im Seminar STS1 gewonnen Massstab der Selbstkenntnis, und den Erkenntnissen in diesem Seminar k\u00f6nnen andere Menschen schnell und zuverl\u00e4ssig eingesch\u00e4tzt werden. Das f\u00fchrt zu hoher Sozialkompetenz und Verst\u00e4ndis f\u00fcr andere Menschen.<\/p>\n<p><a href=\"https:\/\/eberhard-seminare.ch\/?page_id=89\" rel=\"noopener\">weiter...\u00a0\u00a0<\/a><\/p>\n<\/div>\n<\/div><\/div><div id=\"panel-101-0-0-1\" class=\"so-panel widget widget_sow-button\" data-index=\"1\" ><div\n\t\t\t\n\t\t\tclass=\"so-widget-sow-button so-widget-sow-button-atom-f0d8a8793e5a-101\"\n\t\t\t\n\t\t><div class=\"ow-button-base ow-button-align-right\"\n>\n\t\t\t<a\n\t\t\t\t\thref=\"https:\/\/eberhard-seminare.ch\/?page_id=20\"\n\t\t\t\t\tclass=\"sowb-button ow-icon-placement-left ow-button-hover\" \t>\n\t\t<span>\n\t\t\t<span class=\"sow-icon-fontawesome sow-fas\" data-sow-icon=\"&#xf064;\"\n\t\tstyle=\"\" \n\t\taria-hidden=\"true\"><\/span>\n\t\t\tJetzt anmelden !\t\t<\/span>\n\t\t\t<\/a>\n\t<\/div>\n<\/div><\/div><div id=\"panel-101-0-0-2\" class=\"so-panel widget widget_sow-button panel-last-child\" data-index=\"2\" ><div\n\t\t\t\n\t\t\tclass=\"so-widget-sow-button so-widget-sow-button-flat-f54c0409268f-101\"\n\t\t\t\n\t\t><div class=\"ow-button-base ow-button-align-center\"\n>\n\t\t\t<a\n\t\t\t\t\thref=\"https:\/\/eberhard-seminare.ch\"\n\t\t\t\t\tclass=\"sowb-button ow-icon-placement-left ow-button-hover\" \t>\n\t\t<span>\n\t\t\t\n\t\t\tZur\u00fcck\t\t<\/span>\n\t\t\t<\/a>\n\t<\/div>\n<\/div><\/div><\/div><\/div><\/div>","protected":false},"excerpt":{"rendered":"<p>Privatpersonen, Einsteiger, Profis, oder neue Mitarbeitende, die erfolgreich verkaufen m\u00f6chten, optimieren das Verkaufsgespr\u00e4ch mit den neusten Verkaufsmethoden. Wir bieten \u00f6ffentliche Seminare f\u00fcr Einzelpersonen oder kleine Teams an, damit Sie als Firma immer alle Mitarbeitende auf dem gleichen Stand behalten k\u00f6nnen. Die Daten unserer n\u00e4chsten \u00f6ffentlichen Seminaren finden Sie unter \u201eSeminar Anmeldung\u201c LSS1 &#8211; Erfolgreich verkaufen mit Systematik und\u2026 <span class=\"read-more\"><a href=\"https:\/\/eberhard-seminare.ch\/?page_id=101\">Read More &raquo;<\/a><\/span><\/p>\n","protected":false},"author":3,"featured_media":0,"parent":221,"menu_order":3,"comment_status":"closed","ping_status":"closed","template":"","meta":{"_exactmetrics_skip_tracking":false,"_exactmetrics_sitenote_active":false,"_exactmetrics_sitenote_note":"","_exactmetrics_sitenote_category":0,"footnotes":""},"_links":{"self":[{"href":"https:\/\/eberhard-seminare.ch\/index.php?rest_route=\/wp\/v2\/pages\/101"}],"collection":[{"href":"https:\/\/eberhard-seminare.ch\/index.php?rest_route=\/wp\/v2\/pages"}],"about":[{"href":"https:\/\/eberhard-seminare.ch\/index.php?rest_route=\/wp\/v2\/types\/page"}],"author":[{"embeddable":true,"href":"https:\/\/eberhard-seminare.ch\/index.php?rest_route=\/wp\/v2\/users\/3"}],"replies":[{"embeddable":true,"href":"https:\/\/eberhard-seminare.ch\/index.php?rest_route=%2Fwp%2Fv2%2Fcomments&post=101"}],"version-history":[{"count":37,"href":"https:\/\/eberhard-seminare.ch\/index.php?rest_route=\/wp\/v2\/pages\/101\/revisions"}],"predecessor-version":[{"id":1488,"href":"https:\/\/eberhard-seminare.ch\/index.php?rest_route=\/wp\/v2\/pages\/101\/revisions\/1488"}],"up":[{"embeddable":true,"href":"https:\/\/eberhard-seminare.ch\/index.php?rest_route=\/wp\/v2\/pages\/221"}],"wp:attachment":[{"href":"https:\/\/eberhard-seminare.ch\/index.php?rest_route=%2Fwp%2Fv2%2Fmedia&parent=101"}],"curies":[{"name":"wp","href":"https:\/\/api.w.org\/{rel}","templated":true}]}}